{"id":1076,"date":"2016-12-17T11:25:31","date_gmt":"2016-12-17T11:25:31","guid":{"rendered":"http:\/\/ld-wp.template-help.com\/wordpress_58890-sample\/?page_id=2"},"modified":"2025-07-01T15:01:18","modified_gmt":"2025-07-01T15:01:18","slug":"home","status":"publish","type":"page","link":"https:\/\/stabech.ro\/ro\/","title":{"rendered":"Home"},"content":{"rendered":"<p>SOLU\u0162II TRADI\u0162IONALE SPECIFICE REGIUNII. Solu\u0163ii inginere\u015fti din lemn, beton, o\u0163el \u201eUn scop f\u0103r\u0103 un plan este doar o dorin\u0163\u0103.\u201d &#8211; ExuperySERVICIILE NOASTREExperien\u0163a echipei noastr\u0103 \u00een domeniul proiect\u0103rii structurilor, ne permite s\u0103 rezolv\u0103m \u015fi cele mai complexe l <a href=\"https:\/\/stabech.ro\/ro\/\" title=\"Read more on Home\" class=\"more-link\">read more<\/a><\/p>\n","protected":false},"excerpt":{"rendered":"<p>SOLU\u0162II TRADI\u0162IONALE SPECIFICE REGIUNII. Solu\u0163ii inginere\u015fti din lemn, beton, o\u0163el \u201eUn scop f\u0103r\u0103 un plan este doar o dorin\u0163\u0103.\u201d &#8211; ExuperySERVICIILE NOASTREExperien\u0163a echipei noastr\u0103 \u00een domeniul proiect\u0103rii structurilor, ne permite s\u0103 rezolv\u0103m \u015fi cele mai complexe lucr\u0103ri read more<\/p>\n","protected":false},"author":1,"featured_media":981,"parent":0,"menu_order":0,"comment_status":"closed","ping_status":"open","template":"","meta":{"footnotes":""},"class_list":["post-1076","page","type-page","status-publish","has-post-thumbnail","hentry","has-thumb"],"_links":{"self":[{"href":"https:\/\/stabech.ro\/ro\/wp-json\/wp\/v2\/pages\/1076","targetHints":{"allow":["GET"]}}],"collection":[{"href":"https:\/\/stabech.ro\/ro\/wp-json\/wp\/v2\/pages"}],"about":[{"href":"https:\/\/stabech.ro\/ro\/wp-json\/wp\/v2\/types\/page"}],"author":[{"embeddable":true,"href":"https:\/\/stabech.ro\/ro\/wp-json\/wp\/v2\/users\/1"}],"replies":[{"embeddable":true,"href":"https:\/\/stabech.ro\/ro\/wp-json\/wp\/v2\/comments?post=1076"}],"version-history":[{"count":158,"href":"https:\/\/stabech.ro\/ro\/wp-json\/wp\/v2\/pages\/1076\/revisions"}],"predecessor-version":[{"id":1774,"href":"https:\/\/stabech.ro\/ro\/wp-json\/wp\/v2\/pages\/1076\/revisions\/1774"}],"wp:featuredmedia":[{"embeddable":true,"href":"https:\/\/stabech.ro\/ro\/wp-json\/wp\/v2\/media\/981"}],"wp:attachment":[{"href":"https:\/\/stabech.ro\/ro\/wp-json\/wp\/v2\/media?parent=1076"}],"curies":[{"name":"wp","href":"https:\/\/api.w.org\/{rel}","templated":true}]}}