{"id":1082,"date":"2016-12-17T12:37:55","date_gmt":"2016-12-17T12:37:55","guid":{"rendered":"http:\/\/ld-wp.template-help.com\/wordpress_58890-sample\/?page_id=48"},"modified":"2018-03-06T07:25:39","modified_gmt":"2018-03-06T07:25:39","slug":"about","status":"publish","type":"page","link":"http:\/\/stabech.ro\/ro\/about\/","title":{"rendered":"About"},"content":{"rendered":"<p>Despre noi \u201ePl\u0103cerea \u00een activitate pune perfec\u0163iunea \u00een munc\u0103\u201d &#8211; Aristotel VALORILE AFACERII \u2022 Curajul pentru noi provoc\u0103ri\u2022 Promovarea valorilor patrimoniului construit\u2022 \u00cembun\u0103t\u0103\u0163irea continu\u0103\u2022 Lucrul \u00een echip\u0103\u2022 Colaborare bazat\u0103 pe comunicare eficient\u0103 Realizare <a href=\"http:\/\/stabech.ro\/ro\/about\/\" title=\"Read more on About\" class=\"more-link\">read more<\/a><\/p>\n","protected":false},"excerpt":{"rendered":"<p>Despre noi \u201ePl\u0103cerea \u00een activitate pune perfec\u0163iunea \u00een munc\u0103\u201d &#8211; Aristotel VALORILE AFACERII \u2022 Curajul pentru noi provoc\u0103ri\u2022 Promovarea valorilor patrimoniului construit\u2022 \u00cembun\u0103t\u0103\u0163irea continu\u0103\u2022 Lucrul \u00een echip\u0103\u2022 Colaborare bazat\u0103 pe comunicare eficient\u0103 Realizare read more<\/p>\n","protected":false},"author":1,"featured_media":960,"parent":0,"menu_order":0,"comment_status":"closed","ping_status":"closed","template":"","meta":{"footnotes":""},"class_list":["post-1082","page","type-page","status-publish","has-post-thumbnail","hentry","has-thumb"],"_links":{"self":[{"href":"http:\/\/stabech.ro\/ro\/wp-json\/wp\/v2\/pages\/1082","targetHints":{"allow":["GET"]}}],"collection":[{"href":"http:\/\/stabech.ro\/ro\/wp-json\/wp\/v2\/pages"}],"about":[{"href":"http:\/\/stabech.ro\/ro\/wp-json\/wp\/v2\/types\/page"}],"author":[{"embeddable":true,"href":"http:\/\/stabech.ro\/ro\/wp-json\/wp\/v2\/users\/1"}],"replies":[{"embeddable":true,"href":"http:\/\/stabech.ro\/ro\/wp-json\/wp\/v2\/comments?post=1082"}],"version-history":[{"count":22,"href":"http:\/\/stabech.ro\/ro\/wp-json\/wp\/v2\/pages\/1082\/revisions"}],"predecessor-version":[{"id":1630,"href":"http:\/\/stabech.ro\/ro\/wp-json\/wp\/v2\/pages\/1082\/revisions\/1630"}],"wp:featuredmedia":[{"embeddable":true,"href":"http:\/\/stabech.ro\/ro\/wp-json\/wp\/v2\/media\/960"}],"wp:attachment":[{"href":"http:\/\/stabech.ro\/ro\/wp-json\/wp\/v2\/media?parent=1082"}],"curies":[{"name":"wp","href":"https:\/\/api.w.org\/{rel}","templated":true}]}}